{"id":3032,"date":"2024-04-22T12:54:10","date_gmt":"2024-04-22T15:54:10","guid":{"rendered":"https:\/\/www.sinteata.com.br\/?page_id=3032"},"modified":"2024-04-22T12:54:11","modified_gmt":"2024-04-22T15:54:11","slug":"departamento-juridico","status":"publish","type":"page","link":"https:\/\/www.sinteata.com.br\/?page_id=3032","title":{"rendered":"Departamento Jur\u00eddico"},"content":{"rendered":"\n<h3 class=\"wp-block-heading\"><strong><strong>Assist\u00eancia Jur\u00eddica Trabalhista<\/strong><\/strong><\/h3>\n\n\n\n<figure class=\"wp-block-image size-full\"><img fetchpriority=\"high\" decoding=\"async\" width=\"980\" height=\"308\" src=\"https:\/\/www.sinteata.com.br\/wp-content\/uploads\/2024\/04\/image.png\" alt=\"\" class=\"wp-image-3033\" srcset=\"https:\/\/www.sinteata.com.br\/wp-content\/uploads\/2024\/04\/image.png 980w, https:\/\/www.sinteata.com.br\/wp-content\/uploads\/2024\/04\/image-300x94.png 300w, https:\/\/www.sinteata.com.br\/wp-content\/uploads\/2024\/04\/image-768x241.png 768w, https:\/\/www.sinteata.com.br\/wp-content\/uploads\/2024\/04\/image-585x184.png 585w\" sizes=\"(max-width: 980px) 100vw, 980px\" \/><\/figure>\n\n\n\n<h3 class=\"wp-block-heading\"><br><br><strong>O SINTEATA CONTA COM DEPARTAMENTO JUR\u00cdDICO, QUE PRESTA ASSESSORIA E ATENDIMENTO AOS SEUS ASSOCIADOS NOS \u00c2MBITOS SINDICAIS E TRABALHISTAS<\/strong><\/h3>\n\n\n\n<p><strong>SUBSTITUI\u00c7\u00c3O PROCESSUAL TRABALHISTA:<\/strong><\/p>\n\n\n\n<p>A Constitui\u00e7\u00e3o Federal de 1988, em seu artigo 8\u00ba. inciso III, estabelece que:<\/p>\n\n\n\n<p>\u201cIII \u2013 ao Sindicato cabe a defesa dos direitos e interesses coletivos e individuais da categoria, inclusive em quest\u00f5es judiciais e administrativas.<\/p>\n\n\n\n<p>\u201dPosterior a promulga\u00e7\u00e3o da CF de 1988, a Lei n. 8.073\/90, em seu artigo 3\u00ba. estabeleceu que:<\/p>\n\n\n\n<p>\u201cArtigo 3\u00ba. \u2013 As entidades sindicais poder\u00e3o atuar como substitutos processuais dos integrantes da categoria.\u201d<\/p>\n\n\n\n<p>Tais dispositivos v\u00eam ao encontro da vontade \u201cconstituinte\u201d de fazer com a que a Substitui\u00e7\u00e3o Processual pelo Sindicato fosse instrumento capaz de garantir o acesso dos laboriosos \u00e0 Justi\u00e7a, sem a press\u00e3o Patronal.<\/p>\n\n\n\n<p>O Departamento Jur\u00eddico do SINTEATA \u00e9 formado por Advogados Especializados na \u00e1rea Trabalhista para prestar a todos os integrantes da Categoria Profissional, ampla Assist\u00eancia Jur\u00eddica e Judici\u00e1ria na \u00e1rea trabalhista, que compreende desde orienta\u00e7\u00f5es e esclarecimentos de d\u00favidas, at\u00e9 a propositura de A\u00e7\u00f5es Judiciais, que s\u00e3o acompanhados pelos Advogados em todas as suas fases, desde as Varas do Trabalho e Tribunal Regional do Trabalho at\u00e9 o Tribunal Superior do Trabalho em Bras\u00edlia.<\/p>\n\n\n\n<p><\/p>\n\n\n\n<p><strong>Agende seu atendimento: <\/strong><br>(11) 95692-9866 \/ (11) 2087-0926  \/ (11) 3578-6976<\/p>\n","protected":false},"excerpt":{"rendered":"<p>Assist\u00eancia Jur\u00eddica Trabalhista O SINTEATA CONTA COM DEPARTAMENTO JUR\u00cdDICO, QUE PRESTA ASSESSORIA E ATENDIMENTO AOS SEUS ASSOCIADOS NOS \u00c2MBITOS SINDICAIS E TRABALHISTAS SUBSTITUI\u00c7\u00c3O PROCESSUAL TRABALHISTA: A Constitui\u00e7\u00e3o Federal de 1988,&hellip;<\/p>\n","protected":false},"author":2,"featured_media":0,"parent":0,"menu_order":0,"comment_status":"closed","ping_status":"closed","template":"","meta":{"content-type":"","footnotes":""},"_links":{"self":[{"href":"https:\/\/www.sinteata.com.br\/index.php?rest_route=\/wp\/v2\/pages\/3032"}],"collection":[{"href":"https:\/\/www.sinteata.com.br\/index.php?rest_route=\/wp\/v2\/pages"}],"about":[{"href":"https:\/\/www.sinteata.com.br\/index.php?rest_route=\/wp\/v2\/types\/page"}],"author":[{"embeddable":true,"href":"https:\/\/www.sinteata.com.br\/index.php?rest_route=\/wp\/v2\/users\/2"}],"replies":[{"embeddable":true,"href":"https:\/\/www.sinteata.com.br\/index.php?rest_route=%2Fwp%2Fv2%2Fcomments&post=3032"}],"version-history":[{"count":1,"href":"https:\/\/www.sinteata.com.br\/index.php?rest_route=\/wp\/v2\/pages\/3032\/revisions"}],"predecessor-version":[{"id":3034,"href":"https:\/\/www.sinteata.com.br\/index.php?rest_route=\/wp\/v2\/pages\/3032\/revisions\/3034"}],"wp:attachment":[{"href":"https:\/\/www.sinteata.com.br\/index.php?rest_route=%2Fwp%2Fv2%2Fmedia&parent=3032"}],"curies":[{"name":"wp","href":"https:\/\/api.w.org\/{rel}","templated":true}]}}