{"id":3094,"date":"2024-04-22T16:06:57","date_gmt":"2024-04-22T19:06:57","guid":{"rendered":"https:\/\/www.sinteata.com.br\/?page_id=3094"},"modified":"2026-04-24T17:02:15","modified_gmt":"2026-04-24T20:02:15","slug":"clinica-da-cidade-barao-de-itapura","status":"publish","type":"page","link":"https:\/\/www.sinteata.com.br\/?page_id=3094","title":{"rendered":"Cl\u00ednica da Cidade &#8211; Bar\u00e3o de Itapura"},"content":{"rendered":"\n<p><\/p>\n\n\n\n<p>Av. Bar\u00e3o de Itapura, 599 &#8211; Itapura, Campinas\/SP<br><strong>IMPORTANTE: <\/strong>S\u00f3 ser\u00e1 poss\u00edvel passar em consulta ou exame com a guia em m\u00e3os, sendo que a mesma tem validade de 15 dias. Solicite a guia pelo telefone (11) 92209-9907<\/p>\n\n\n\n<p><strong>Especialidades:<\/strong><\/p>\n\n\n\n<p>\u2022 Cl\u00ednico Geral \u2022 Ginecologista \u2022 Ortopedista \u2022 Oftalmologista \u2022 Urologista \u2022 Endocrinologista \u2022 Pediatra<\/p>\n\n\n\n<p><strong>Exames: <\/strong>Urina \/ Fezes \/ Hemograma \/ Papanicolau<br><br><strong>Marque sua consulta \/ exame:<\/strong> (19) 3766-7200<\/p>\n","protected":false},"excerpt":{"rendered":"<p>Av. Bar\u00e3o de Itapura, 599 &#8211; Itapura, Campinas\/SPIMPORTANTE: S\u00f3 ser\u00e1 poss\u00edvel passar em consulta ou exame com a guia em m\u00e3os, sendo que a mesma tem validade de 15 dias.&hellip;<\/p>\n","protected":false},"author":2,"featured_media":0,"parent":0,"menu_order":0,"comment_status":"closed","ping_status":"closed","template":"","meta":{"content-type":"","footnotes":""},"_links":{"self":[{"href":"https:\/\/www.sinteata.com.br\/index.php?rest_route=\/wp\/v2\/pages\/3094"}],"collection":[{"href":"https:\/\/www.sinteata.com.br\/index.php?rest_route=\/wp\/v2\/pages"}],"about":[{"href":"https:\/\/www.sinteata.com.br\/index.php?rest_route=\/wp\/v2\/types\/page"}],"author":[{"embeddable":true,"href":"https:\/\/www.sinteata.com.br\/index.php?rest_route=\/wp\/v2\/users\/2"}],"replies":[{"embeddable":true,"href":"https:\/\/www.sinteata.com.br\/index.php?rest_route=%2Fwp%2Fv2%2Fcomments&post=3094"}],"version-history":[{"count":3,"href":"https:\/\/www.sinteata.com.br\/index.php?rest_route=\/wp\/v2\/pages\/3094\/revisions"}],"predecessor-version":[{"id":4611,"href":"https:\/\/www.sinteata.com.br\/index.php?rest_route=\/wp\/v2\/pages\/3094\/revisions\/4611"}],"wp:attachment":[{"href":"https:\/\/www.sinteata.com.br\/index.php?rest_route=%2Fwp%2Fv2%2Fmedia&parent=3094"}],"curies":[{"name":"wp","href":"https:\/\/api.w.org\/{rel}","templated":true}]}}