{"id":3348,"date":"2024-04-24T22:49:49","date_gmt":"2024-04-25T01:49:49","guid":{"rendered":"https:\/\/www.sinteata.com.br\/?page_id=3348"},"modified":"2024-04-24T22:49:50","modified_gmt":"2024-04-25T01:49:50","slug":"atendimento-odontologico","status":"publish","type":"page","link":"https:\/\/www.sinteata.com.br\/?page_id=3348","title":{"rendered":"Atendimento Odontol\u00f3gico"},"content":{"rendered":"\n<p>Disponibilizamos um moderno e equipado consult\u00f3rio odontol\u00f3gico para realiza\u00e7\u00e3o de tratamento dent\u00e1rio completo.<\/p>\n\n\n\n<p><strong>Atendimento: <\/strong>Quarta e quinta-feira, das 8h \u00e0s 16h.<\/p>\n\n\n\n<p><strong>Endere\u00e7o: <\/strong>Rua D\u00e9cio, 150 &#8211; Sa\u00fade, S\u00e3o Paulo\/SP &#8211; CEP: 04055-902<\/p>\n\n\n\n<p><strong>* Importante &#8211; <\/strong>Para ser atendido, agende sua consulta e compare\u00e7a no dia e hor\u00e1rio marcados em posse da carteirinha de s\u00f3cio.<\/p>\n\n\n\n<p><strong>Marque sua consulta:<\/strong> (11) 95692-9866 \/ (11) 3578-6963 \/ (11) 5584-8686 <\/p>\n\n\n\n<figure class=\"wp-block-image size-full is-resized\"><img fetchpriority=\"high\" decoding=\"async\" width=\"921\" height=\"691\" src=\"https:\/\/www.sinteata.com.br\/wp-content\/uploads\/2024\/04\/image-12.png\" alt=\"\" class=\"wp-image-3349\" style=\"width:569px;height:auto\" srcset=\"https:\/\/www.sinteata.com.br\/wp-content\/uploads\/2024\/04\/image-12.png 921w, https:\/\/www.sinteata.com.br\/wp-content\/uploads\/2024\/04\/image-12-300x225.png 300w, https:\/\/www.sinteata.com.br\/wp-content\/uploads\/2024\/04\/image-12-768x576.png 768w, https:\/\/www.sinteata.com.br\/wp-content\/uploads\/2024\/04\/image-12-585x439.png 585w\" sizes=\"(max-width: 921px) 100vw, 921px\" \/><\/figure>\n","protected":false},"excerpt":{"rendered":"<p>Disponibilizamos um moderno e equipado consult\u00f3rio odontol\u00f3gico para realiza\u00e7\u00e3o de tratamento dent\u00e1rio completo. Atendimento: Quarta e quinta-feira, das 8h \u00e0s 16h. Endere\u00e7o: Rua D\u00e9cio, 150 &#8211; Sa\u00fade, S\u00e3o Paulo\/SP &#8211;&hellip;<\/p>\n","protected":false},"author":2,"featured_media":0,"parent":0,"menu_order":0,"comment_status":"closed","ping_status":"closed","template":"","meta":{"content-type":"","footnotes":""},"_links":{"self":[{"href":"https:\/\/www.sinteata.com.br\/index.php?rest_route=\/wp\/v2\/pages\/3348"}],"collection":[{"href":"https:\/\/www.sinteata.com.br\/index.php?rest_route=\/wp\/v2\/pages"}],"about":[{"href":"https:\/\/www.sinteata.com.br\/index.php?rest_route=\/wp\/v2\/types\/page"}],"author":[{"embeddable":true,"href":"https:\/\/www.sinteata.com.br\/index.php?rest_route=\/wp\/v2\/users\/2"}],"replies":[{"embeddable":true,"href":"https:\/\/www.sinteata.com.br\/index.php?rest_route=%2Fwp%2Fv2%2Fcomments&post=3348"}],"version-history":[{"count":1,"href":"https:\/\/www.sinteata.com.br\/index.php?rest_route=\/wp\/v2\/pages\/3348\/revisions"}],"predecessor-version":[{"id":3350,"href":"https:\/\/www.sinteata.com.br\/index.php?rest_route=\/wp\/v2\/pages\/3348\/revisions\/3350"}],"wp:attachment":[{"href":"https:\/\/www.sinteata.com.br\/index.php?rest_route=%2Fwp%2Fv2%2Fmedia&parent=3348"}],"curies":[{"name":"wp","href":"https:\/\/api.w.org\/{rel}","templated":true}]}}