{"id":3387,"date":"2024-04-24T23:53:22","date_gmt":"2024-04-25T02:53:22","guid":{"rendered":"https:\/\/www.sinteata.com.br\/?page_id=3387"},"modified":"2024-04-24T23:53:23","modified_gmt":"2024-04-25T02:53:23","slug":"jump-n-joy","status":"publish","type":"page","link":"https:\/\/www.sinteata.com.br\/?page_id=3387","title":{"rendered":"Jump n&#8217; Joy"},"content":{"rendered":"\n<p>Rua dos Motoristas, 76 &#8211; Pican\u00e7o, Guarulhos\/SP<\/p>\n\n\n\n<p>Solicite seu ingresso e retire-o na sede do sindicato.<\/p>\n\n\n\n<p>Os ingressos devem ser solicitados com no m\u00ednimo 5 dias de anteced\u00eancia.<\/p>\n\n\n\n<p><strong>Endere\u00e7o do sindicato: <\/strong>Rua D\u00e9cio, 150 &#8211; Sa\u00fade, S\u00e3o Paulo\/SP &#8211; CEP: 04055-902<\/p>\n\n\n\n<p>Ingressos promocionais: R$ 59,90 para 1 hora \/ R$ 79,90 para 2 horas.<\/p>\n\n\n\n<p><strong>Regras de utiliza\u00e7\u00e3o:<\/strong> &#8211; Crian\u00e7as de 2 a 5 anos e 11 meses devem estar acompanhadas, mas o acompanhante adulto \u00e9 GR\u00c1TIS. &#8211; Uso obrigat\u00f3rio de meias antiderrapantes.<\/p>\n\n\n\n<p><strong>Pre\u00e7o na bilheteria:<\/strong> &#8211; Quarta e quinta-feira: R$ 130,00 &#8211; 1 hora \/ R$ 225,00 &#8211; 2 horas. &#8211; Sexta-feira e domingo: R$ 165,00 &#8211; 1 hora \/ R$ 260,00 &#8211; 2 horas.<br><br><strong>Solicite seu ingresso aqui <\/strong>(11) 95692-9866<\/p>\n","protected":false},"excerpt":{"rendered":"<p>Rua dos Motoristas, 76 &#8211; Pican\u00e7o, Guarulhos\/SP Solicite seu ingresso e retire-o na sede do sindicato. Os ingressos devem ser solicitados com no m\u00ednimo 5 dias de anteced\u00eancia. Endere\u00e7o do&hellip;<\/p>\n","protected":false},"author":2,"featured_media":0,"parent":0,"menu_order":0,"comment_status":"closed","ping_status":"closed","template":"","meta":{"content-type":"","footnotes":""},"_links":{"self":[{"href":"https:\/\/www.sinteata.com.br\/index.php?rest_route=\/wp\/v2\/pages\/3387"}],"collection":[{"href":"https:\/\/www.sinteata.com.br\/index.php?rest_route=\/wp\/v2\/pages"}],"about":[{"href":"https:\/\/www.sinteata.com.br\/index.php?rest_route=\/wp\/v2\/types\/page"}],"author":[{"embeddable":true,"href":"https:\/\/www.sinteata.com.br\/index.php?rest_route=\/wp\/v2\/users\/2"}],"replies":[{"embeddable":true,"href":"https:\/\/www.sinteata.com.br\/index.php?rest_route=%2Fwp%2Fv2%2Fcomments&post=3387"}],"version-history":[{"count":1,"href":"https:\/\/www.sinteata.com.br\/index.php?rest_route=\/wp\/v2\/pages\/3387\/revisions"}],"predecessor-version":[{"id":3388,"href":"https:\/\/www.sinteata.com.br\/index.php?rest_route=\/wp\/v2\/pages\/3387\/revisions\/3388"}],"wp:attachment":[{"href":"https:\/\/www.sinteata.com.br\/index.php?rest_route=%2Fwp%2Fv2%2Fmedia&parent=3387"}],"curies":[{"name":"wp","href":"https:\/\/api.w.org\/{rel}","templated":true}]}}