{"id":3426,"date":"2024-04-25T16:34:13","date_gmt":"2024-04-25T19:34:13","guid":{"rendered":"https:\/\/www.sinteata.com.br\/?page_id=3426"},"modified":"2024-04-25T16:34:15","modified_gmt":"2024-04-25T19:34:15","slug":"unifisio-fisioterapia","status":"publish","type":"page","link":"https:\/\/www.sinteata.com.br\/?page_id=3426","title":{"rendered":"Unifisio Fisioterapia"},"content":{"rendered":"\n<p>Rua Caraguatatuba, 134 &#8211; Centro, Guarulhos\/SP<\/p>\n\n\n\n<p>Temos parceria com cl\u00ednicas de Fisioterapia especializadas, para realiza\u00e7\u00e3o de sess\u00f5es de fisioterapia com valores a partir <br>de R$ 8,50 para associados e seus dependentes.<\/p>\n\n\n\n<p>* Importante &#8211; Para ser atendido, agende sua consulta e apresente sua carteirinha de associado.<br><br><strong>Marque seu atendimento:<\/strong> (11) 2443-3770<\/p>\n","protected":false},"excerpt":{"rendered":"<p>Rua Caraguatatuba, 134 &#8211; Centro, Guarulhos\/SP Temos parceria com cl\u00ednicas de Fisioterapia especializadas, para realiza\u00e7\u00e3o de sess\u00f5es de fisioterapia com valores a partir de R$ 8,50 para associados e seus&hellip;<\/p>\n","protected":false},"author":2,"featured_media":0,"parent":0,"menu_order":0,"comment_status":"closed","ping_status":"closed","template":"","meta":{"content-type":"","footnotes":""},"_links":{"self":[{"href":"https:\/\/www.sinteata.com.br\/index.php?rest_route=\/wp\/v2\/pages\/3426"}],"collection":[{"href":"https:\/\/www.sinteata.com.br\/index.php?rest_route=\/wp\/v2\/pages"}],"about":[{"href":"https:\/\/www.sinteata.com.br\/index.php?rest_route=\/wp\/v2\/types\/page"}],"author":[{"embeddable":true,"href":"https:\/\/www.sinteata.com.br\/index.php?rest_route=\/wp\/v2\/users\/2"}],"replies":[{"embeddable":true,"href":"https:\/\/www.sinteata.com.br\/index.php?rest_route=%2Fwp%2Fv2%2Fcomments&post=3426"}],"version-history":[{"count":1,"href":"https:\/\/www.sinteata.com.br\/index.php?rest_route=\/wp\/v2\/pages\/3426\/revisions"}],"predecessor-version":[{"id":3427,"href":"https:\/\/www.sinteata.com.br\/index.php?rest_route=\/wp\/v2\/pages\/3426\/revisions\/3427"}],"wp:attachment":[{"href":"https:\/\/www.sinteata.com.br\/index.php?rest_route=%2Fwp%2Fv2%2Fmedia&parent=3426"}],"curies":[{"name":"wp","href":"https:\/\/api.w.org\/{rel}","templated":true}]}}