{"id":3464,"date":"2024-04-25T17:36:00","date_gmt":"2024-04-25T20:36:00","guid":{"rendered":"https:\/\/www.sinteata.com.br\/?page_id=3464"},"modified":"2024-07-11T13:52:37","modified_gmt":"2024-07-11T16:52:37","slug":"cursos-de-idiomas","status":"publish","type":"page","link":"https:\/\/www.sinteata.com.br\/?page_id=3464","title":{"rendered":"Cursos de Idiomas"},"content":{"rendered":"\n<p><strong>Centro Brit\u00e2nico &#8211; Cursos de ingl\u00eas e outros idiomas<\/strong><br><strong>Endere\u00e7o: <\/strong>Av. Salgado Filho, 1443 &#8211; Centro, Guarulhos\/SP<\/p>\n\n\n\n<p><strong>Desconto: <\/strong>10%<br>A presta\u00e7\u00e3o de servi\u00e7os de parceria em quest\u00e3o oferece cursos com desconto nos seguintes idiomas: Ingl\u00eas, Espanhol, Alem\u00e3o, Franc\u00eas, Italiano, Mandarim, Japon\u00eas e Portugu\u00eas para estrangeiros.<\/p>\n\n\n\n<p>N\u00e3o perca a oportunidade de dar um upgrade na sua vida!<\/p>\n\n\n\n<ul>\n<li>IMPORTANTE: Para obter os descontos, apresente sua carteirinha de associado.<\/li>\n<\/ul>\n\n\n\n<p><strong>Tel.:<\/strong> (11) 2408-9762<br><strong>WhatsApp: <\/strong>(11) 94081-3534<\/p>\n\n\n\n<hr class=\"wp-block-separator has-alpha-channel-opacity is-style-wide\"\/>\n\n\n\n<p class=\"has-normal-font-size\"><strong>CNA Ingl\u00eas e Espanhol<\/strong><br><br><strong>Unidade 1: <\/strong>Rua Comendador Wilson Talarico 33 &#8211; Vila F\u00e1tima, Guarulhos\/SP <strong>Telefone<\/strong> (11) 2402-0737<br><strong>Unidade 2:<\/strong> Rua Ana Cec\u00edlia 72 &#8211; Tabo\u00e3o, Guarulhos\/SP <strong>Telefone<\/strong> (11) 2403-4991<br><strong>Unidade 3: <\/strong>Av. Esperan\u00e7a 262 &#8211; Centro, Guarulhos\/SP <strong>Telefone<\/strong> (11) 2656-1807<br><strong>Unidade 4:<\/strong> Rua Martinho Polilo 344 &#8211; Gopouva, Guarulhos\/SP<strong> Telefone<\/strong> (11) 2229-1268<br><strong>Unidade 5: <\/strong>Av. Santos Dumont 298 &#8211; Cidade Industrial, Guarulhos\/SP <strong>Telefone<\/strong> (11) 2937-3442<br><strong>Unidade 6: <\/strong>Av. Maria do Socorro e Silva Bezerra, 19 &#8211; Jardim Nova Cidade, Guarulhos\/SP <strong>Telefone<\/strong> (11) 2486-6540 \/ (11) 94027-7378<\/p>\n\n\n\n<p>Nossos parceiros oferecem ensino de qualidade com desconto de at\u00e9 60%.<\/p>\n\n\n\n<p>N\u00e3o perca a oportunidade de dar um upgrade na sua vida!<\/p>\n\n\n\n<p><strong>* IMPORTANTE:<\/strong> Para obter os descontos, apresente sua carteirinha de associado.<\/p>\n","protected":false},"excerpt":{"rendered":"<p>Centro Brit\u00e2nico &#8211; Cursos de ingl\u00eas e outros idiomasEndere\u00e7o: Av. Salgado Filho, 1443 &#8211; Centro, Guarulhos\/SP Desconto: 10%A presta\u00e7\u00e3o de servi\u00e7os de parceria em quest\u00e3o oferece cursos com desconto nos&hellip;<\/p>\n","protected":false},"author":2,"featured_media":0,"parent":0,"menu_order":0,"comment_status":"closed","ping_status":"closed","template":"","meta":{"content-type":"","footnotes":""},"_links":{"self":[{"href":"https:\/\/www.sinteata.com.br\/index.php?rest_route=\/wp\/v2\/pages\/3464"}],"collection":[{"href":"https:\/\/www.sinteata.com.br\/index.php?rest_route=\/wp\/v2\/pages"}],"about":[{"href":"https:\/\/www.sinteata.com.br\/index.php?rest_route=\/wp\/v2\/types\/page"}],"author":[{"embeddable":true,"href":"https:\/\/www.sinteata.com.br\/index.php?rest_route=\/wp\/v2\/users\/2"}],"replies":[{"embeddable":true,"href":"https:\/\/www.sinteata.com.br\/index.php?rest_route=%2Fwp%2Fv2%2Fcomments&post=3464"}],"version-history":[{"count":4,"href":"https:\/\/www.sinteata.com.br\/index.php?rest_route=\/wp\/v2\/pages\/3464\/revisions"}],"predecessor-version":[{"id":3955,"href":"https:\/\/www.sinteata.com.br\/index.php?rest_route=\/wp\/v2\/pages\/3464\/revisions\/3955"}],"wp:attachment":[{"href":"https:\/\/www.sinteata.com.br\/index.php?rest_route=%2Fwp%2Fv2%2Fmedia&parent=3464"}],"curies":[{"name":"wp","href":"https:\/\/api.w.org\/{rel}","templated":true}]}}