{"id":3516,"date":"2024-04-25T22:14:26","date_gmt":"2024-04-26T01:14:26","guid":{"rendered":"https:\/\/www.sinteata.com.br\/?page_id=3516"},"modified":"2026-04-01T12:47:47","modified_gmt":"2026-04-01T15:47:47","slug":"atendimento-juridico-3","status":"publish","type":"page","link":"https:\/\/www.sinteata.com.br\/?page_id=3516","title":{"rendered":"Atendimento Jur\u00eddico"},"content":{"rendered":"\n<p>Nosso departamento jur\u00eddico \u00e9 formado por Advogados especializados na \u00e1rea trabalhista para prestar ampla assist\u00eancia jur\u00eddica para a sua causa trabalhista.<\/p>\n\n\n\n<p>Atendimento com agendamento, de segunda e sexta-feira, das 9h \u00e0s 13h e das 14h \u00e0s 17h.<\/p>\n\n\n\n<p><strong>Endere\u00e7o: <\/strong>Rua Santa B\u00e1rbara D&#8217;Oeste, 310 &#8211; Jardim Novo Campos Eliseos, Campinas\/SP<\/p>\n\n\n\n<p>(11) 92209-9907 &#8211; Atendimento de segunda e quinta-feira.<\/p>\n","protected":false},"excerpt":{"rendered":"<p>Nosso departamento jur\u00eddico \u00e9 formado por Advogados especializados na \u00e1rea trabalhista para prestar ampla assist\u00eancia jur\u00eddica para a sua causa trabalhista. Atendimento com agendamento, de segunda e sexta-feira, das 9h&hellip;<\/p>\n","protected":false},"author":2,"featured_media":0,"parent":0,"menu_order":0,"comment_status":"closed","ping_status":"closed","template":"","meta":{"content-type":"","footnotes":""},"_links":{"self":[{"href":"https:\/\/www.sinteata.com.br\/index.php?rest_route=\/wp\/v2\/pages\/3516"}],"collection":[{"href":"https:\/\/www.sinteata.com.br\/index.php?rest_route=\/wp\/v2\/pages"}],"about":[{"href":"https:\/\/www.sinteata.com.br\/index.php?rest_route=\/wp\/v2\/types\/page"}],"author":[{"embeddable":true,"href":"https:\/\/www.sinteata.com.br\/index.php?rest_route=\/wp\/v2\/users\/2"}],"replies":[{"embeddable":true,"href":"https:\/\/www.sinteata.com.br\/index.php?rest_route=%2Fwp%2Fv2%2Fcomments&post=3516"}],"version-history":[{"count":3,"href":"https:\/\/www.sinteata.com.br\/index.php?rest_route=\/wp\/v2\/pages\/3516\/revisions"}],"predecessor-version":[{"id":4556,"href":"https:\/\/www.sinteata.com.br\/index.php?rest_route=\/wp\/v2\/pages\/3516\/revisions\/4556"}],"wp:attachment":[{"href":"https:\/\/www.sinteata.com.br\/index.php?rest_route=%2Fwp%2Fv2%2Fmedia&parent=3516"}],"curies":[{"name":"wp","href":"https:\/\/api.w.org\/{rel}","templated":true}]}}