{"id":3520,"date":"2024-04-25T22:15:52","date_gmt":"2024-04-26T01:15:52","guid":{"rendered":"https:\/\/www.sinteata.com.br\/?page_id=3520"},"modified":"2025-03-26T15:59:30","modified_gmt":"2025-03-26T18:59:30","slug":"vida-balanceada-personal-e-nutricionista","status":"publish","type":"page","link":"https:\/\/www.sinteata.com.br\/?page_id=3520","title":{"rendered":"Vida Balanceada Personal e Nutricionista"},"content":{"rendered":"\n<p>30 minutos de consulta 100% personalizada + Plano alimentar + Plano de treinos<\/p>\n\n\n\n<p>R$ 29,90 uma consulta mensal com cada profissional (Nutri + Personal).<\/p>\n\n\n\n<p>Cobran\u00e7a via cart\u00e3o de cr\u00e9dito.<br><br><strong>WhatsApp<\/strong> (21) 98299-9366<\/p>\n","protected":false},"excerpt":{"rendered":"<p>30 minutos de consulta 100% personalizada + Plano alimentar + Plano de treinos R$ 29,90 uma consulta mensal com cada profissional (Nutri + Personal). Cobran\u00e7a via cart\u00e3o de cr\u00e9dito. WhatsApp&hellip;<\/p>\n","protected":false},"author":2,"featured_media":0,"parent":0,"menu_order":0,"comment_status":"closed","ping_status":"closed","template":"","meta":{"content-type":"","footnotes":""},"_links":{"self":[{"href":"https:\/\/www.sinteata.com.br\/index.php?rest_route=\/wp\/v2\/pages\/3520"}],"collection":[{"href":"https:\/\/www.sinteata.com.br\/index.php?rest_route=\/wp\/v2\/pages"}],"about":[{"href":"https:\/\/www.sinteata.com.br\/index.php?rest_route=\/wp\/v2\/types\/page"}],"author":[{"embeddable":true,"href":"https:\/\/www.sinteata.com.br\/index.php?rest_route=\/wp\/v2\/users\/2"}],"replies":[{"embeddable":true,"href":"https:\/\/www.sinteata.com.br\/index.php?rest_route=%2Fwp%2Fv2%2Fcomments&post=3520"}],"version-history":[{"count":2,"href":"https:\/\/www.sinteata.com.br\/index.php?rest_route=\/wp\/v2\/pages\/3520\/revisions"}],"predecessor-version":[{"id":4213,"href":"https:\/\/www.sinteata.com.br\/index.php?rest_route=\/wp\/v2\/pages\/3520\/revisions\/4213"}],"wp:attachment":[{"href":"https:\/\/www.sinteata.com.br\/index.php?rest_route=%2Fwp%2Fv2%2Fmedia&parent=3520"}],"curies":[{"name":"wp","href":"https:\/\/api.w.org\/{rel}","templated":true}]}}