{"id":3524,"date":"2024-04-25T22:17:22","date_gmt":"2024-04-26T01:17:22","guid":{"rendered":"https:\/\/www.sinteata.com.br\/?page_id=3524"},"modified":"2024-04-25T22:17:23","modified_gmt":"2024-04-26T01:17:23","slug":"med-farma","status":"publish","type":"page","link":"https:\/\/www.sinteata.com.br\/?page_id=3524","title":{"rendered":"Med Farma"},"content":{"rendered":"\n<p>Av. das Amoreiras, 7.396 &#8211; Vila S\u00e3o Bernardo, Campinas\/SP<br><\/p>\n\n\n\n<p>Medicamentos, Perfumaria, Gen\u00e9ricos, Psicotr\u00f3picos, Suplementos. Descontos imperd\u00edveis para nossos associados, venha conferir!<\/p>\n\n\n\n<p><strong>Hor\u00e1rio de funcionamento: <\/strong>De segunda a s\u00e1bado, das 8h \u00e0s 22h | Domingos e feriados, das 9h \u00e0s 21h<\/p>\n\n\n\n<p><strong>* Importante &#8211; <\/strong>Para obter os descontos, apresente sua carteirinha de associado.<\/p>\n\n\n\n<p><\/p>\n\n\n\n<p><strong>Telefone: <\/strong> (19) 3265-6560<br><strong>WhatsApp:<\/strong> (19) 99435-9475<\/p>\n","protected":false},"excerpt":{"rendered":"<p>Av. das Amoreiras, 7.396 &#8211; Vila S\u00e3o Bernardo, Campinas\/SP Medicamentos, Perfumaria, Gen\u00e9ricos, Psicotr\u00f3picos, Suplementos. Descontos imperd\u00edveis para nossos associados, venha conferir! Hor\u00e1rio de funcionamento: De segunda a s\u00e1bado, das 8h&hellip;<\/p>\n","protected":false},"author":2,"featured_media":0,"parent":0,"menu_order":0,"comment_status":"closed","ping_status":"closed","template":"","meta":{"content-type":"","footnotes":""},"_links":{"self":[{"href":"https:\/\/www.sinteata.com.br\/index.php?rest_route=\/wp\/v2\/pages\/3524"}],"collection":[{"href":"https:\/\/www.sinteata.com.br\/index.php?rest_route=\/wp\/v2\/pages"}],"about":[{"href":"https:\/\/www.sinteata.com.br\/index.php?rest_route=\/wp\/v2\/types\/page"}],"author":[{"embeddable":true,"href":"https:\/\/www.sinteata.com.br\/index.php?rest_route=\/wp\/v2\/users\/2"}],"replies":[{"embeddable":true,"href":"https:\/\/www.sinteata.com.br\/index.php?rest_route=%2Fwp%2Fv2%2Fcomments&post=3524"}],"version-history":[{"count":1,"href":"https:\/\/www.sinteata.com.br\/index.php?rest_route=\/wp\/v2\/pages\/3524\/revisions"}],"predecessor-version":[{"id":3525,"href":"https:\/\/www.sinteata.com.br\/index.php?rest_route=\/wp\/v2\/pages\/3524\/revisions\/3525"}],"wp:attachment":[{"href":"https:\/\/www.sinteata.com.br\/index.php?rest_route=%2Fwp%2Fv2%2Fmedia&parent=3524"}],"curies":[{"name":"wp","href":"https:\/\/api.w.org\/{rel}","templated":true}]}}