{"id":3548,"date":"2024-04-25T22:32:15","date_gmt":"2024-04-26T01:32:15","guid":{"rendered":"https:\/\/www.sinteata.com.br\/?page_id=3548"},"modified":"2024-04-25T22:32:16","modified_gmt":"2024-04-26T01:32:16","slug":"parque-da-monica-3","status":"publish","type":"page","link":"https:\/\/www.sinteata.com.br\/?page_id=3548","title":{"rendered":"Parque da M\u00f4nica"},"content":{"rendered":"\n<p>Av. das Na\u00e7\u00f5es Unidas, 22540 &#8211; Jurubatuba, S\u00e3o Paulo\/SP (Shopping SP Market)<\/p>\n\n\n\n<p>Solicite seu ingresso e retire-o na sede do sindicato.<\/p>\n\n\n\n<p><strong>Para consultar os valores e para mais informa\u00e7\u00f5es entre em contato com o sindicato.<\/strong><\/p>\n\n\n\n<p>Os ingressos devem ser solicitados com no m\u00ednimo 5 dias de anteced\u00eancia.<\/p>\n\n\n\n<p><strong>Endere\u00e7o do sindicato: <\/strong>Rua Doutor Epit\u00e1cio Pessoa, 103 &#8211; Jardim Santa Francisca, Guarulhos\/SP &#8211; CEP 07013-040<br><strong>Consulte os valores e solicite seu ingresso aqui:  (11) 95692-9866<br><\/strong><\/p>\n","protected":false},"excerpt":{"rendered":"<p>Av. das Na\u00e7\u00f5es Unidas, 22540 &#8211; Jurubatuba, S\u00e3o Paulo\/SP (Shopping SP Market) Solicite seu ingresso e retire-o na sede do sindicato. Para consultar os valores e para mais informa\u00e7\u00f5es entre&hellip;<\/p>\n","protected":false},"author":2,"featured_media":0,"parent":0,"menu_order":0,"comment_status":"closed","ping_status":"closed","template":"","meta":{"content-type":"","footnotes":""},"_links":{"self":[{"href":"https:\/\/www.sinteata.com.br\/index.php?rest_route=\/wp\/v2\/pages\/3548"}],"collection":[{"href":"https:\/\/www.sinteata.com.br\/index.php?rest_route=\/wp\/v2\/pages"}],"about":[{"href":"https:\/\/www.sinteata.com.br\/index.php?rest_route=\/wp\/v2\/types\/page"}],"author":[{"embeddable":true,"href":"https:\/\/www.sinteata.com.br\/index.php?rest_route=\/wp\/v2\/users\/2"}],"replies":[{"embeddable":true,"href":"https:\/\/www.sinteata.com.br\/index.php?rest_route=%2Fwp%2Fv2%2Fcomments&post=3548"}],"version-history":[{"count":1,"href":"https:\/\/www.sinteata.com.br\/index.php?rest_route=\/wp\/v2\/pages\/3548\/revisions"}],"predecessor-version":[{"id":3549,"href":"https:\/\/www.sinteata.com.br\/index.php?rest_route=\/wp\/v2\/pages\/3548\/revisions\/3549"}],"wp:attachment":[{"href":"https:\/\/www.sinteata.com.br\/index.php?rest_route=%2Fwp%2Fv2%2Fmedia&parent=3548"}],"curies":[{"name":"wp","href":"https:\/\/api.w.org\/{rel}","templated":true}]}}