{"id":3569,"date":"2024-04-25T22:48:56","date_gmt":"2024-04-26T01:48:56","guid":{"rendered":"https:\/\/www.sinteata.com.br\/?page_id=3569"},"modified":"2024-04-25T22:48:58","modified_gmt":"2024-04-26T01:48:58","slug":"faculdade-anhanguera-3","status":"publish","type":"page","link":"https:\/\/www.sinteata.com.br\/?page_id=3569","title":{"rendered":"Faculdade Anhanguera"},"content":{"rendered":"\n<p>Rua Em\u00edlia Stefanelli Ceregatti, 160 &#8211; Bloco A &#8211; Jardim Morumbi, Campinas\/SP<\/p>\n\n\n\n<p>Programa de forma\u00e7\u00e3o para associados<\/p>\n\n\n\n<p>Nossos parceiros oferecem descontos de at\u00e9 50% em diversos cursos para voc\u00ea e sua fam\u00edlia estudarem nas melhores institui\u00e7\u00f5es de ensino.<br><br><strong>Telefone<\/strong> (19) 3512-3300<\/p>\n","protected":false},"excerpt":{"rendered":"<p>Rua Em\u00edlia Stefanelli Ceregatti, 160 &#8211; Bloco A &#8211; Jardim Morumbi, Campinas\/SP Programa de forma\u00e7\u00e3o para associados Nossos parceiros oferecem descontos de at\u00e9 50% em diversos cursos para voc\u00ea e&hellip;<\/p>\n","protected":false},"author":2,"featured_media":0,"parent":0,"menu_order":0,"comment_status":"closed","ping_status":"closed","template":"","meta":{"content-type":"","footnotes":""},"_links":{"self":[{"href":"https:\/\/www.sinteata.com.br\/index.php?rest_route=\/wp\/v2\/pages\/3569"}],"collection":[{"href":"https:\/\/www.sinteata.com.br\/index.php?rest_route=\/wp\/v2\/pages"}],"about":[{"href":"https:\/\/www.sinteata.com.br\/index.php?rest_route=\/wp\/v2\/types\/page"}],"author":[{"embeddable":true,"href":"https:\/\/www.sinteata.com.br\/index.php?rest_route=\/wp\/v2\/users\/2"}],"replies":[{"embeddable":true,"href":"https:\/\/www.sinteata.com.br\/index.php?rest_route=%2Fwp%2Fv2%2Fcomments&post=3569"}],"version-history":[{"count":1,"href":"https:\/\/www.sinteata.com.br\/index.php?rest_route=\/wp\/v2\/pages\/3569\/revisions"}],"predecessor-version":[{"id":3570,"href":"https:\/\/www.sinteata.com.br\/index.php?rest_route=\/wp\/v2\/pages\/3569\/revisions\/3570"}],"wp:attachment":[{"href":"https:\/\/www.sinteata.com.br\/index.php?rest_route=%2Fwp%2Fv2%2Fmedia&parent=3569"}],"curies":[{"name":"wp","href":"https:\/\/api.w.org\/{rel}","templated":true}]}}