{"id":4343,"date":"2025-07-14T14:46:38","date_gmt":"2025-07-14T17:46:38","guid":{"rendered":"https:\/\/www.sinteata.com.br\/?page_id=4343"},"modified":"2025-07-14T14:46:48","modified_gmt":"2025-07-14T17:46:48","slug":"animalia-park","status":"publish","type":"page","link":"https:\/\/www.sinteata.com.br\/?page_id=4343","title":{"rendered":"Animalia Park"},"content":{"rendered":"\n<ul>\n<li>Localizado em <strong>Cotia (SP)<\/strong>, a ~40\u202fkm da capital.<\/li>\n\n\n\n<li>\u00c9 um grande parque de 350\u202fmil\u202fm\u00b2 que combina biodiversidade, conserva\u00e7\u00e3o e divers\u00e3o.<br><br>Possui:<\/li>\n\n\n\n<li><strong>Anim\u00e1lia Reserva<\/strong>: trilhas cobertas com mais de\u202f1.200 animais de 170 esp\u00e9cies.<\/li>\n\n\n\n<li><strong>Anim\u00e1lia Forest<\/strong>: um dos maiores avi\u00e1rios do mundo, com aves soltas.<\/li>\n\n\n\n<li><strong>Anim\u00e1lia Divers\u00e3o<\/strong>: parque indoor com brinquedos para todas as idades<br><br>Descontos especiais para nossos associados, solicite seu ingresso no n\u00famero 11 95692-9866<\/li>\n<\/ul>\n","protected":false},"excerpt":{"rendered":"","protected":false},"author":2,"featured_media":0,"parent":0,"menu_order":0,"comment_status":"closed","ping_status":"closed","template":"","meta":{"content-type":"","footnotes":""},"_links":{"self":[{"href":"https:\/\/www.sinteata.com.br\/index.php?rest_route=\/wp\/v2\/pages\/4343"}],"collection":[{"href":"https:\/\/www.sinteata.com.br\/index.php?rest_route=\/wp\/v2\/pages"}],"about":[{"href":"https:\/\/www.sinteata.com.br\/index.php?rest_route=\/wp\/v2\/types\/page"}],"author":[{"embeddable":true,"href":"https:\/\/www.sinteata.com.br\/index.php?rest_route=\/wp\/v2\/users\/2"}],"replies":[{"embeddable":true,"href":"https:\/\/www.sinteata.com.br\/index.php?rest_route=%2Fwp%2Fv2%2Fcomments&post=4343"}],"version-history":[{"count":1,"href":"https:\/\/www.sinteata.com.br\/index.php?rest_route=\/wp\/v2\/pages\/4343\/revisions"}],"predecessor-version":[{"id":4344,"href":"https:\/\/www.sinteata.com.br\/index.php?rest_route=\/wp\/v2\/pages\/4343\/revisions\/4344"}],"wp:attachment":[{"href":"https:\/\/www.sinteata.com.br\/index.php?rest_route=%2Fwp%2Fv2%2Fmedia&parent=4343"}],"curies":[{"name":"wp","href":"https:\/\/api.w.org\/{rel}","templated":true}]}}